{"id":612,"date":"2023-12-07T10:52:02","date_gmt":"2023-12-07T09:52:02","guid":{"rendered":"https:\/\/www.glass.hr\/dienstleistungen\/"},"modified":"2023-12-22T14:10:56","modified_gmt":"2023-12-22T13:10:56","slug":"dienstleistungen","status":"publish","type":"page","link":"https:\/\/www.glass.hr\/de\/dienstleistungen\/","title":{"rendered":"Dienstleistungen"},"content":{"rendered":"<div class=\"wpb-content-wrapper\"><p>[vc_row][vc_column]<div id=\"cz_30136\" class=\"cz_30136 cz_title clr cz_title_pos_inline tac\"><div class=\"cz_title_content\"><div class=\"cz_wpe_content\"><h3 style=\"text-align: center;\">Glass Consulting d.o.o. bietet L\u00f6sungen f\u00fcr Ihre Ideen und Projekte. Nehmen Sie vertrauensvoll Kontakt zu uns auf.<\/h3>\n<\/div><\/div><\/div><div class=\"cz_gap clr \" style=\"height: 20px\"><\/div>[\/vc_column][\/vc_row][vc_row][vc_column width=&#8220;1\/3&#8243;]<div id=\"cz_56067\" class=\"cz_56067 services clr style11 services_b\"><div class=\"service_img\"><img loading=\"lazy\" decoding=\"async\" width=\"800\" height=\"534\" src=\"https:\/\/www.glass.hr\/wp-content\/uploads\/2023\/12\/glass-tehnicka-podrska.jpg\" class=\"service-icon attachment-full\" alt=\"\" title=\"Businessman holding Special Offer text. Business concept\" srcset=\"https:\/\/www.glass.hr\/wp-content\/uploads\/2023\/12\/glass-tehnicka-podrska.jpg 800w, https:\/\/www.glass.hr\/wp-content\/uploads\/2023\/12\/glass-tehnicka-podrska-300x200.jpg 300w, https:\/\/www.glass.hr\/wp-content\/uploads\/2023\/12\/glass-tehnicka-podrska-768x513.jpg 768w, https:\/\/www.glass.hr\/wp-content\/uploads\/2023\/12\/glass-tehnicka-podrska-600x401.jpg 600w\" sizes=\"auto, (max-width: 800px) 100vw, 800px\" \/><\/div><div class=\"service_text\"><h3>Angebotserstellung<\/h3><div class=\"cz_wpe_content\">Anhand der \u00fcbermittelten Informationen pr\u00fcfen wir die Anfrage und die Ausf\u00fchrungsm\u00f6glichkeiten und versenden unser Angebot innerhalb von 48 Stunden nach Eingang der Anfrage. <\/div><\/div><\/div>[\/vc_column][vc_column width=&#8220;1\/3&#8243;]<div id=\"cz_35157\" class=\"cz_35157 services clr style11 services_b\"><div class=\"service_img\"><img loading=\"lazy\" decoding=\"async\" width=\"800\" height=\"534\" src=\"https:\/\/www.glass.hr\/wp-content\/uploads\/2023\/12\/5348.jpg\" class=\"service-icon attachment-full\" alt=\"\" title=\"5348\" srcset=\"https:\/\/www.glass.hr\/wp-content\/uploads\/2023\/12\/5348.jpg 800w, https:\/\/www.glass.hr\/wp-content\/uploads\/2023\/12\/5348-300x200.jpg 300w, https:\/\/www.glass.hr\/wp-content\/uploads\/2023\/12\/5348-768x513.jpg 768w, https:\/\/www.glass.hr\/wp-content\/uploads\/2023\/12\/5348-600x401.jpg 600w\" sizes=\"auto, (max-width: 800px) 100vw, 800px\" \/><\/div><div class=\"service_text\"><h3>Arbeitsausf\u00fchrung<\/h3><div class=\"cz_wpe_content\">Nachdem alle Details gekl\u00e4rt sind, beginnen wir mit der Installation der Glasfl\u00e4chen mit s\u00e4mtlichen dazugeh\u00f6rigen Materialien f\u00fcr eine sichere und hochwertige Funktion.<\/div><\/div><\/div>[\/vc_column][vc_column width=&#8220;1\/3&#8243;]<div id=\"cz_80123\" class=\"cz_80123 services clr style11 services_b\"><div class=\"service_img\"><img loading=\"lazy\" decoding=\"async\" width=\"800\" height=\"534\" src=\"https:\/\/www.glass.hr\/wp-content\/uploads\/2023\/12\/blueprints-designer-engineers-working-architects-office.jpg\" class=\"service-icon attachment-full\" alt=\"\" title=\"Blueprints of designer and engineers working at architects offic\" srcset=\"https:\/\/www.glass.hr\/wp-content\/uploads\/2023\/12\/blueprints-designer-engineers-working-architects-office.jpg 800w, https:\/\/www.glass.hr\/wp-content\/uploads\/2023\/12\/blueprints-designer-engineers-working-architects-office-300x200.jpg 300w, https:\/\/www.glass.hr\/wp-content\/uploads\/2023\/12\/blueprints-designer-engineers-working-architects-office-768x513.jpg 768w, https:\/\/www.glass.hr\/wp-content\/uploads\/2023\/12\/blueprints-designer-engineers-working-architects-office-600x401.jpg 600w\" sizes=\"auto, (max-width: 800px) 100vw, 800px\" \/><\/div><div class=\"service_text\"><h3>Technischer Support<\/h3><div class=\"cz_wpe_content\">Wir erstellen Entw\u00fcrfe f\u00fcr die Ausf\u00fchrung von Arbeiten, senden technische Daten zu Glas, Profilen und anderen Materialien, pr\u00fcfen die Machbarkeit und bieten technische Ausarbeitung bei der Gestaltung von Glasprodukten. <\/div><\/div><\/div>[\/vc_column][\/vc_row][vc_row][vc_column width=&#8220;1\/3&#8243;]<div id=\"cz_91474\" class=\"cz_91474 services clr style11 services_b\"><div class=\"service_img\"><img loading=\"lazy\" decoding=\"async\" width=\"801\" height=\"534\" src=\"https:\/\/www.glass.hr\/wp-content\/uploads\/2023\/12\/businessman-analyzing-company-financial-report-with-augmented-reality-graphics.jpg\" class=\"service-icon attachment-full\" alt=\"\" title=\"businessman-analyzing-company-financial-report-with-augmented-reality-graphics\" srcset=\"https:\/\/www.glass.hr\/wp-content\/uploads\/2023\/12\/businessman-analyzing-company-financial-report-with-augmented-reality-graphics.jpg 801w, https:\/\/www.glass.hr\/wp-content\/uploads\/2023\/12\/businessman-analyzing-company-financial-report-with-augmented-reality-graphics-300x200.jpg 300w, https:\/\/www.glass.hr\/wp-content\/uploads\/2023\/12\/businessman-analyzing-company-financial-report-with-augmented-reality-graphics-768x512.jpg 768w, https:\/\/www.glass.hr\/wp-content\/uploads\/2023\/12\/businessman-analyzing-company-financial-report-with-augmented-reality-graphics-600x400.jpg 600w\" sizes=\"auto, (max-width: 801px) 100vw, 801px\" \/><\/div><div class=\"service_text\"><h3>Fachkundige Beratung<\/h3><div class=\"cz_wpe_content\">Sie sind sich nicht sicher, wie Sie Ihren bestehenden Raum umgestalten m\u00f6chten, Sie planen ein neues Projekt oder beginnen mit dem Bau? Wir pr\u00fcfen Ihre Ideen und erstellen f\u00fcr Sie ein Gutachten zur Machbarkeit und den M\u00f6glichkeiten.<\/div><\/div><\/div>[\/vc_column][vc_column width=&#8220;1\/3&#8243;]<div id=\"cz_44744\" class=\"cz_44744 services clr style11 services_b\"><div class=\"service_img\"><img loading=\"lazy\" decoding=\"async\" width=\"800\" height=\"533\" src=\"https:\/\/www.glass.hr\/wp-content\/uploads\/2023\/12\/meeting-room-with-glass-wall-with-copyspace.jpg\" class=\"service-icon attachment-full\" alt=\"\" title=\"Meeting room with a glass wall with copyspace\" srcset=\"https:\/\/www.glass.hr\/wp-content\/uploads\/2023\/12\/meeting-room-with-glass-wall-with-copyspace.jpg 800w, https:\/\/www.glass.hr\/wp-content\/uploads\/2023\/12\/meeting-room-with-glass-wall-with-copyspace-300x200.jpg 300w, https:\/\/www.glass.hr\/wp-content\/uploads\/2023\/12\/meeting-room-with-glass-wall-with-copyspace-768x512.jpg 768w, https:\/\/www.glass.hr\/wp-content\/uploads\/2023\/12\/meeting-room-with-glass-wall-with-copyspace-600x400.jpg 600w\" sizes=\"auto, (max-width: 800px) 100vw, 800px\" \/><\/div><div class=\"service_text\"><h3>Analysen<\/h3><div class=\"cz_wpe_content\">Um dem Endbenutzer Einsparungen zu erm\u00f6glichen, nehmen wir optimierende Analysen und Kontrollen vor, die Angebote, Anfragen, Kostenvoranschl\u00e4ge, technische Details, Produktionsprozesse, Ausarbeitungen, Arbeitsausf\u00fchrungen, Planungen und alle anderen Informationen umfassen. <\/div><\/div><\/div>[\/vc_column][vc_column width=&#8220;1\/3&#8243;]<div id=\"cz_60973\" class=\"cz_60973 services clr style11 services_b\"><div class=\"service_img\"><img loading=\"lazy\" decoding=\"async\" width=\"800\" height=\"534\" src=\"https:\/\/www.glass.hr\/wp-content\/uploads\/2023\/12\/business-people-shaking-hands-together.jpg\" class=\"service-icon attachment-full\" alt=\"\" title=\"Business people shaking hands together\" srcset=\"https:\/\/www.glass.hr\/wp-content\/uploads\/2023\/12\/business-people-shaking-hands-together.jpg 800w, https:\/\/www.glass.hr\/wp-content\/uploads\/2023\/12\/business-people-shaking-hands-together-300x200.jpg 300w, https:\/\/www.glass.hr\/wp-content\/uploads\/2023\/12\/business-people-shaking-hands-together-768x513.jpg 768w, https:\/\/www.glass.hr\/wp-content\/uploads\/2023\/12\/business-people-shaking-hands-together-600x401.jpg 600w\" sizes=\"auto, (max-width: 800px) 100vw, 800px\" \/><\/div><div class=\"service_text\"><h3>Vertrieb<\/h3><div class=\"cz_wpe_content\">Glas, Glasbeschl\u00e4ge, Glas-Ausgangsmaterialien, Verbrauchsmaterialien, Maschinen in der Glasindustrie, Ersatzteile f\u00fcr Maschinen, PVC- und ALU-Fenster und -T\u00fcren, Glastische<\/p>\n<\/div><\/div><\/div>[\/vc_column][\/vc_row][vc_row][vc_column]<div class=\"cz_gap clr \" style=\"height: 50px\"><\/div>[\/vc_column][\/vc_row][vc_row el_class=&#8220;cta&#8220;][vc_column]<div class=\"cz_eqh cz_content_box_parent_fx  \"><div id=\"cz_78272\" class=\"cz_78272 cz_content_box clr\"><div class=\"cz_box_front clr\"><div class=\"cz_box_front_inner clr cz_content_box_full_after\"><span><\/span><div><div class=\"cz_gap clr  hide_on_tablet hide_on_mobile\" style=\"height: 45px\"><\/div><div class=\"cz_gap show_on_tablet clr  show_only_tablet\" style=\"height: 20px\"><\/div><div class=\"cz_gap show_on_mobile clr\" style=\"height: 10px\"><\/div>[vc_row_inner][vc_column_inner width=&#8220;5\/6&#8243;]<div id=\"cz_67278\" class=\"cz_67278 cz_title clr cz_title_has_icon cz_title_pos_inline\"><div class=\"cz_title_content\"><i class=\"cz_title_icon_before fas fa-envelope\"><\/i><div class=\"cz_wpe_content\"><h3><span style=\"font-size: 32px;\"><span style=\"color: #10aab6;\"><span style=\"color: #292929;\">Nehmen Sie vertrauensvoll Kontakt zu uns auf<\/span><\/span><\/span><\/h3>\n<p><span style=\"font-size: 20px; color: #f4f4f4;\">Wir finden f\u00fcr Sie in kurzer Zeit die besten, zuverl\u00e4ssigsten und qualitativ hochwertigsten L\u00f6sungen.<\/span><\/p>\n<\/div><\/div><\/div>[\/vc_column_inner][vc_column_inner width=&#8220;1\/6&#8243;]<div class=\"cz_gap clr  hide_on_tablet hide_on_mobile\" style=\"height: 30px\"><\/div><div class=\"cz_gap show_on_tablet clr  show_only_tablet\" style=\"height: 25px\"><\/div><div class=\"cz_gap show_on_mobile clr\" style=\"height: 10px\"><\/div><div class=\"cz_btn_right cz_mobile_btn_block\"><div class=\"cz_87917_p\"><a id=\"cz_87917\" class=\"cz_87917 cz_btn cz_btn_txt_no_fx cz_btn_no_fx\" href=\"https:\/\/www.glass.hr\/de\/contact\/\" title=\"Contact\" aria-label=\"Contact\"><span><strong>Kontakt<\/strong><\/span><b class=\"cz_btn_onhover\"><strong>Kontakt<\/strong><\/b><\/a><\/div><\/div><div class=\"clr\"><\/div>[\/vc_column_inner][\/vc_row_inner]<div class=\"cz_gap clr  hide_on_tablet hide_on_mobile\" style=\"height: 45px\"><\/div><div class=\"cz_gap show_on_tablet clr  show_only_tablet\" style=\"height: 20px\"><\/div><div class=\"cz_gap show_on_mobile clr\" style=\"height: 10px\"><\/div><\/div><\/div><\/div><\/div><\/div>[\/vc_column][\/vc_row]<\/p>\n<\/div>","protected":false},"excerpt":{"rendered":"<p>[vc_row][vc_column][\/vc_column][\/vc_row][vc_row][vc_column width=&#8220;1\/3&#8243;][\/vc_column][vc_column width=&#8220;1\/3&#8243;][\/vc_column][vc_column width=&#8220;1\/3&#8243;][\/vc_column][\/vc_row][vc_row][vc_column width=&#8220;1\/3&#8243;][\/vc_column][vc_column width=&#8220;1\/3&#8243;][\/vc_column][vc_column width=&#8220;1\/3&#8243;][\/vc_column][\/vc_row][vc_row][vc_column][\/vc_column][\/vc_row][vc_row el_class=&#8220;cta&#8220;][vc_column][\/vc_column][\/vc_row] &#8230; <\/p>\n","protected":false},"author":1,"featured_media":0,"parent":0,"menu_order":0,"comment_status":"closed","ping_status":"closed","template":"","meta":{"footnotes":""},"class_list":["post-612","page","type-page","status-publish","hentry"],"yoast_head":"<!-- This site is optimized with the Yoast SEO plugin v27.2 - https:\/\/yoast.com\/product\/yoast-seo-wordpress\/ -->\n<title>Dienstleistungen - Glass Consulting d.o.o.<\/title>\n<meta name=\"robots\" content=\"index, follow, max-snippet:-1, max-image-preview:large, max-video-preview:-1\" \/>\n<link rel=\"canonical\" href=\"https:\/\/www.glass.hr\/de\/dienstleistungen\/\" \/>\n<meta property=\"og:locale\" content=\"de_DE\" \/>\n<meta property=\"og:type\" content=\"article\" \/>\n<meta property=\"og:title\" content=\"Dienstleistungen - Glass Consulting d.o.o.\" \/>\n<meta property=\"og:description\" content=\"[vc_row][vc_column][\/vc_column][\/vc_row][vc_row][vc_column width=&#8220;1\/3&#8243;][\/vc_column][vc_column width=&#8220;1\/3&#8243;][\/vc_column][vc_column width=&#8220;1\/3&#8243;][\/vc_column][\/vc_row][vc_row][vc_column width=&#8220;1\/3&#8243;][\/vc_column][vc_column width=&#8220;1\/3&#8243;][\/vc_column][vc_column width=&#8220;1\/3&#8243;][\/vc_column][\/vc_row][vc_row][vc_column][\/vc_column][\/vc_row][vc_row el_class=&#8220;cta&#8220;][vc_column][\/vc_column][\/vc_row] ...\" \/>\n<meta property=\"og:url\" content=\"https:\/\/www.glass.hr\/de\/dienstleistungen\/\" \/>\n<meta property=\"og:site_name\" content=\"Glass Consulting d.o.o.\" \/>\n<meta property=\"article:modified_time\" content=\"2023-12-22T13:10:56+00:00\" \/>\n<meta property=\"og:image\" content=\"https:\/\/www.glass.hr\/wp-content\/uploads\/2023\/12\/glass-slide4-1.jpg\" \/>\n\t<meta property=\"og:image:width\" content=\"1920\" \/>\n\t<meta property=\"og:image:height\" content=\"892\" \/>\n\t<meta property=\"og:image:type\" content=\"image\/jpeg\" \/>\n<meta name=\"twitter:card\" content=\"summary_large_image\" \/>\n<meta name=\"twitter:label1\" content=\"Gesch\u00e4tzte Lesezeit\" \/>\n\t<meta name=\"twitter:data1\" content=\"4\u00a0Minuten\" \/>\n<script type=\"application\/ld+json\" class=\"yoast-schema-graph\">{\"@context\":\"https:\/\/schema.org\",\"@graph\":[{\"@type\":\"WebPage\",\"@id\":\"https:\/\/www.glass.hr\/de\/dienstleistungen\/\",\"url\":\"https:\/\/www.glass.hr\/de\/dienstleistungen\/\",\"name\":\"Dienstleistungen - Glass Consulting d.o.o.\",\"isPartOf\":{\"@id\":\"https:\/\/www.glass.hr\/#website\"},\"datePublished\":\"2023-12-07T09:52:02+00:00\",\"dateModified\":\"2023-12-22T13:10:56+00:00\",\"breadcrumb\":{\"@id\":\"https:\/\/www.glass.hr\/de\/dienstleistungen\/#breadcrumb\"},\"inLanguage\":\"de\",\"potentialAction\":[{\"@type\":\"ReadAction\",\"target\":[\"https:\/\/www.glass.hr\/de\/dienstleistungen\/\"]}]},{\"@type\":\"BreadcrumbList\",\"@id\":\"https:\/\/www.glass.hr\/de\/dienstleistungen\/#breadcrumb\",\"itemListElement\":[{\"@type\":\"ListItem\",\"position\":1,\"name\":\"Po\u010detna stranica\",\"item\":\"https:\/\/www.glass.hr\/de\/\"},{\"@type\":\"ListItem\",\"position\":2,\"name\":\"Dienstleistungen\"}]},{\"@type\":\"WebSite\",\"@id\":\"https:\/\/www.glass.hr\/#website\",\"url\":\"https:\/\/www.glass.hr\/\",\"name\":\"Glass Consulting d.o.o. - web stranica\",\"description\":\"Velika Gorica\",\"publisher\":{\"@id\":\"https:\/\/www.glass.hr\/#organization\"},\"potentialAction\":[{\"@type\":\"SearchAction\",\"target\":{\"@type\":\"EntryPoint\",\"urlTemplate\":\"https:\/\/www.glass.hr\/?s={search_term_string}\"},\"query-input\":{\"@type\":\"PropertyValueSpecification\",\"valueRequired\":true,\"valueName\":\"search_term_string\"}}],\"inLanguage\":\"de\"},{\"@type\":\"Organization\",\"@id\":\"https:\/\/www.glass.hr\/#organization\",\"name\":\"Glass Consulting d.o.o.\",\"url\":\"https:\/\/www.glass.hr\/\",\"logo\":{\"@type\":\"ImageObject\",\"inLanguage\":\"de\",\"@id\":\"https:\/\/www.glass.hr\/#\/schema\/logo\/image\/\",\"url\":\"https:\/\/www.glass.hr\/wp-content\/uploads\/2023\/12\/GC_logo_memo.png\",\"contentUrl\":\"https:\/\/www.glass.hr\/wp-content\/uploads\/2023\/12\/GC_logo_memo.png\",\"width\":401,\"height\":175,\"caption\":\"Glass Consulting d.o.o.\"},\"image\":{\"@id\":\"https:\/\/www.glass.hr\/#\/schema\/logo\/image\/\"}}]}<\/script>\n<!-- \/ Yoast SEO plugin. -->","yoast_head_json":{"title":"Dienstleistungen - Glass Consulting d.o.o.","robots":{"index":"index","follow":"follow","max-snippet":"max-snippet:-1","max-image-preview":"max-image-preview:large","max-video-preview":"max-video-preview:-1"},"canonical":"https:\/\/www.glass.hr\/de\/dienstleistungen\/","og_locale":"de_DE","og_type":"article","og_title":"Dienstleistungen - Glass Consulting d.o.o.","og_description":"[vc_row][vc_column][\/vc_column][\/vc_row][vc_row][vc_column width=&#8220;1\/3&#8243;][\/vc_column][vc_column width=&#8220;1\/3&#8243;][\/vc_column][vc_column width=&#8220;1\/3&#8243;][\/vc_column][\/vc_row][vc_row][vc_column width=&#8220;1\/3&#8243;][\/vc_column][vc_column width=&#8220;1\/3&#8243;][\/vc_column][vc_column width=&#8220;1\/3&#8243;][\/vc_column][\/vc_row][vc_row][vc_column][\/vc_column][\/vc_row][vc_row el_class=&#8220;cta&#8220;][vc_column][\/vc_column][\/vc_row] ...","og_url":"https:\/\/www.glass.hr\/de\/dienstleistungen\/","og_site_name":"Glass Consulting d.o.o.","article_modified_time":"2023-12-22T13:10:56+00:00","og_image":[{"width":1920,"height":892,"url":"https:\/\/www.glass.hr\/wp-content\/uploads\/2023\/12\/glass-slide4-1.jpg","type":"image\/jpeg"}],"twitter_card":"summary_large_image","twitter_misc":{"Gesch\u00e4tzte Lesezeit":"4\u00a0Minuten"},"schema":{"@context":"https:\/\/schema.org","@graph":[{"@type":"WebPage","@id":"https:\/\/www.glass.hr\/de\/dienstleistungen\/","url":"https:\/\/www.glass.hr\/de\/dienstleistungen\/","name":"Dienstleistungen - Glass Consulting d.o.o.","isPartOf":{"@id":"https:\/\/www.glass.hr\/#website"},"datePublished":"2023-12-07T09:52:02+00:00","dateModified":"2023-12-22T13:10:56+00:00","breadcrumb":{"@id":"https:\/\/www.glass.hr\/de\/dienstleistungen\/#breadcrumb"},"inLanguage":"de","potentialAction":[{"@type":"ReadAction","target":["https:\/\/www.glass.hr\/de\/dienstleistungen\/"]}]},{"@type":"BreadcrumbList","@id":"https:\/\/www.glass.hr\/de\/dienstleistungen\/#breadcrumb","itemListElement":[{"@type":"ListItem","position":1,"name":"Po\u010detna stranica","item":"https:\/\/www.glass.hr\/de\/"},{"@type":"ListItem","position":2,"name":"Dienstleistungen"}]},{"@type":"WebSite","@id":"https:\/\/www.glass.hr\/#website","url":"https:\/\/www.glass.hr\/","name":"Glass Consulting d.o.o. - web stranica","description":"Velika Gorica","publisher":{"@id":"https:\/\/www.glass.hr\/#organization"},"potentialAction":[{"@type":"SearchAction","target":{"@type":"EntryPoint","urlTemplate":"https:\/\/www.glass.hr\/?s={search_term_string}"},"query-input":{"@type":"PropertyValueSpecification","valueRequired":true,"valueName":"search_term_string"}}],"inLanguage":"de"},{"@type":"Organization","@id":"https:\/\/www.glass.hr\/#organization","name":"Glass Consulting d.o.o.","url":"https:\/\/www.glass.hr\/","logo":{"@type":"ImageObject","inLanguage":"de","@id":"https:\/\/www.glass.hr\/#\/schema\/logo\/image\/","url":"https:\/\/www.glass.hr\/wp-content\/uploads\/2023\/12\/GC_logo_memo.png","contentUrl":"https:\/\/www.glass.hr\/wp-content\/uploads\/2023\/12\/GC_logo_memo.png","width":401,"height":175,"caption":"Glass Consulting d.o.o."},"image":{"@id":"https:\/\/www.glass.hr\/#\/schema\/logo\/image\/"}}]}},"_links":{"self":[{"href":"https:\/\/www.glass.hr\/de\/wp-json\/wp\/v2\/pages\/612","targetHints":{"allow":["GET"]}}],"collection":[{"href":"https:\/\/www.glass.hr\/de\/wp-json\/wp\/v2\/pages"}],"about":[{"href":"https:\/\/www.glass.hr\/de\/wp-json\/wp\/v2\/types\/page"}],"author":[{"embeddable":true,"href":"https:\/\/www.glass.hr\/de\/wp-json\/wp\/v2\/users\/1"}],"replies":[{"embeddable":true,"href":"https:\/\/www.glass.hr\/de\/wp-json\/wp\/v2\/comments?post=612"}],"version-history":[{"count":6,"href":"https:\/\/www.glass.hr\/de\/wp-json\/wp\/v2\/pages\/612\/revisions"}],"predecessor-version":[{"id":633,"href":"https:\/\/www.glass.hr\/de\/wp-json\/wp\/v2\/pages\/612\/revisions\/633"}],"wp:attachment":[{"href":"https:\/\/www.glass.hr\/de\/wp-json\/wp\/v2\/media?parent=612"}],"curies":[{"name":"wp","href":"https:\/\/api.w.org\/{rel}","templated":true}]}}