{"id":606,"date":"2023-12-07T10:52:20","date_gmt":"2023-12-07T09:52:20","guid":{"rendered":"https:\/\/www.glass.hr\/contact\/"},"modified":"2023-12-22T14:14:59","modified_gmt":"2023-12-22T13:14:59","slug":"kontakt","status":"publish","type":"page","link":"https:\/\/www.glass.hr\/de\/kontakt\/","title":{"rendered":"Kontakt"},"content":{"rendered":"<div class=\"wpb-content-wrapper\"><p>[vc_row][vc_column]<div class=\"cz_gap clr  hide_on_tablet hide_on_mobile\" style=\"height: 30px\"><\/div><div class=\"cz_gap show_on_tablet clr  show_only_tablet\" style=\"height: 20px\"><\/div><div class=\"cz_gap show_on_mobile clr\" style=\"height: 10px\"><\/div>[\/vc_column][\/vc_row][vc_row][vc_column width=&#8220;1\/2&#8243;]<div id=\"cz_55134\" class=\"cz_55134 cz_title clr cz_title_pos_inline\"><div class=\"cz_title_content\"><div class=\"cz_wpe_content\"><h2>Glass Consulting d.o.o.<\/h2>\n<\/div><\/div><\/div><ul id=\"cz_22768\" class=\"cz_22768 cz_stylish_list clr cz_sl_icon_hover_zoom_in\"><li class=\"clr\"><a href=\"mailto:info@glass.hr\"><div class=\"cz_sl_icon\"><i class=\"fas fa-envelope mr10\"><\/i><\/div><div><span>info@glass.hr<\/span><\/div><\/a><\/li><li class=\"clr\"><a href=\"mailto:stjepan@glass.hr\"><div class=\"cz_sl_icon\"><i class=\"fas fa-envelope mr10\"><\/i><\/div><div><span>stjepan@glass.hr<\/span><\/div><\/a><\/li><li class=\"clr\"><div class=\"cz_sl_icon\"><i class=\"fa czico-170-location mr10\"><\/i><\/div><div><span> Jezerska ulica 10, 10415 Novo \u010ci\u010de<\/span><\/div><\/li><li class=\"clr\"><a href=\"tel:00385915345960\"><div class=\"cz_sl_icon\"><i class=\"fas fa-phone-flip mr10\"><\/i><\/div><div><span>+385 91 534 5960<\/span><\/div><\/a><\/li><\/ul><div class=\"relative\"><div id=\"cz_35266\" class=\"cz_35266 cz_line tal\"><\/div><\/div><div class=\"clr\"><\/div><div id=\"cz_80784\" class=\"cz_80784 cz_title clr cz_title_pos_inline\"><div class=\"cz_title_content\"><div class=\"cz_wpe_content\"><p><strong>Glass Consulting d.o.o.<\/strong><br \/>\nOsobe ovla\u0161tene za zastupanje: Stjepan Brko<br \/>\nSjedi\u0161te: Jezerska ulica 10, 10415 Novo \u010ci\u010de (Grad Velika Gorica)<br \/>\nOIB: 34635179463<br \/>\nTemeljni kapital: 2.654,46 euro<br \/>\nTrgova\u010dki sud u Zagrebu objavljuje upis osnivanje dru\u0161tva s ograni\u010denom odgovorno\u0161\u0107u, u Sudski registar proveden kod ovoga suda po rje\u0161enju pod poslovnim brojem Tt-22\/15068-5 od 1. travnja 2022. godine, redni broj upisa 1, za subjekt upisa s mati\u010dnim brojem (MBS): 081431534<\/p>\n<\/div><\/div><\/div>[\/vc_column][vc_column width=&#8220;1\/2&#8243;]<div class=\"cz_gap clr \" style=\"height: 30px\"><\/div>\n<div class=\"wpcf7 no-js\" id=\"wpcf7-f637-o1\" lang=\"hr\" dir=\"ltr\" data-wpcf7-id=\"637\">\n<div class=\"screen-reader-response\"><p role=\"status\" aria-live=\"polite\" aria-atomic=\"true\"><\/p> <ul><\/ul><\/div>\n<form action=\"\/de\/wp-json\/wp\/v2\/pages\/606#wpcf7-f637-o1\" method=\"post\" class=\"wpcf7-form init\" aria-label=\"Kontakt obrazac\" novalidate=\"novalidate\" data-status=\"init\">\n<fieldset class=\"hidden-fields-container\"><input type=\"hidden\" name=\"_wpcf7\" value=\"637\" \/><input type=\"hidden\" name=\"_wpcf7_version\" value=\"6.1.1\" \/><input type=\"hidden\" name=\"_wpcf7_locale\" value=\"hr\" \/><input type=\"hidden\" name=\"_wpcf7_unit_tag\" value=\"wpcf7-f637-o1\" \/><input type=\"hidden\" name=\"_wpcf7_container_post\" value=\"0\" \/><input type=\"hidden\" name=\"_wpcf7_posted_data_hash\" value=\"\" \/>\n<\/fieldset>\n<p><label><span class=\"wpcf7-form-control-wrap\" data-name=\"your-name\"><input size=\"40\" maxlength=\"400\" class=\"wpcf7-form-control wpcf7-text wpcf7-validates-as-required\" aria-required=\"true\" aria-invalid=\"false\" placeholder=\"Ihr Name\" value=\"\" type=\"text\" name=\"your-name\" \/><\/span> <\/label><br \/>\n<label><span class=\"wpcf7-form-control-wrap\" data-name=\"your-email\"><input size=\"40\" maxlength=\"400\" class=\"wpcf7-form-control wpcf7-email wpcf7-validates-as-required wpcf7-text wpcf7-validates-as-email\" aria-required=\"true\" aria-invalid=\"false\" placeholder=\"Ihr Name\" value=\"\" type=\"email\" name=\"your-email\" \/><\/span> <\/label><br \/>\n<label><span class=\"wpcf7-form-control-wrap\" data-name=\"your-subject\"><input size=\"40\" maxlength=\"400\" class=\"wpcf7-form-control wpcf7-text wpcf7-validates-as-required\" aria-required=\"true\" aria-invalid=\"false\" placeholder=\"Betreff\" value=\"\" type=\"text\" name=\"your-subject\" \/><\/span> <\/label><br \/>\n<label><span class=\"wpcf7-form-control-wrap\" data-name=\"menu-69\"><select class=\"wpcf7-form-control wpcf7-select\" aria-invalid=\"false\" name=\"menu-69\"><option value=\"Dienstleistung w\u00e4hlen\">Dienstleistung w\u00e4hlen<\/option><option value=\"Angebotserstellung\">Angebotserstellung<\/option><option value=\"Arbeitsausf\u00fchrung\">Arbeitsausf\u00fchrung<\/option><option value=\"Technischer Support\">Technischer Support<\/option><option value=\"Fachkundige Beratung\">Fachkundige Beratung<\/option><option value=\"Analysen\">Analysen<\/option><option value=\"Vertrieb\">Vertrieb<\/option><option value=\"Der Rest\">Der Rest<\/option><\/select><\/span><\/label><br \/>\n<label><span class=\"wpcf7-form-control-wrap\" data-name=\"your-message\"><textarea cols=\"40\" rows=\"10\" maxlength=\"2000\" class=\"wpcf7-form-control wpcf7-textarea\" aria-invalid=\"false\" placeholder=\"Ihre Nachricht\" name=\"your-message\"><\/textarea><\/span> <\/label><br \/>\n<input class=\"wpcf7-form-control wpcf7-submit has-spinner\" type=\"submit\" value=\"Anfrage senden\" \/>\n<\/p><div class=\"wpcf7-response-output\" aria-hidden=\"true\"><\/div>\n<\/form>\n<\/div>\n[\/vc_column][\/vc_row]<\/p>\n<\/div>","protected":false},"excerpt":{"rendered":"<p>[vc_row][vc_column][\/vc_column][\/vc_row][vc_row][vc_column width=&#8220;1\/2&#8243;][\/vc_column][vc_column width=&#8220;1\/2&#8243;][\/vc_column][\/vc_row] &#8230; <\/p>\n","protected":false},"author":1,"featured_media":0,"parent":0,"menu_order":0,"comment_status":"closed","ping_status":"closed","template":"","meta":{"footnotes":""},"class_list":["post-606","page","type-page","status-publish","hentry"],"yoast_head":"<!-- This site is optimized with the Yoast SEO plugin v27.2 - https:\/\/yoast.com\/product\/yoast-seo-wordpress\/ -->\n<title>Kontakt - Glass Consulting d.o.o.<\/title>\n<meta name=\"robots\" content=\"index, follow, max-snippet:-1, max-image-preview:large, max-video-preview:-1\" \/>\n<link rel=\"canonical\" href=\"https:\/\/www.glass.hr\/de\/kontakt\/\" \/>\n<meta property=\"og:locale\" content=\"de_DE\" \/>\n<meta property=\"og:type\" content=\"article\" \/>\n<meta property=\"og:title\" content=\"Kontakt - Glass Consulting d.o.o.\" \/>\n<meta property=\"og:description\" content=\"[vc_row][vc_column][\/vc_column][\/vc_row][vc_row][vc_column width=&#8220;1\/2&#8243;][\/vc_column][vc_column width=&#8220;1\/2&#8243;][\/vc_column][\/vc_row] ...\" \/>\n<meta property=\"og:url\" content=\"https:\/\/www.glass.hr\/de\/kontakt\/\" \/>\n<meta property=\"og:site_name\" content=\"Glass Consulting d.o.o.\" \/>\n<meta property=\"article:modified_time\" content=\"2023-12-22T13:14:59+00:00\" \/>\n<meta property=\"og:image\" content=\"https:\/\/www.glass.hr\/wp-content\/uploads\/2023\/12\/glass-slide4-1.jpg\" \/>\n\t<meta property=\"og:image:width\" content=\"1920\" \/>\n\t<meta property=\"og:image:height\" content=\"892\" \/>\n\t<meta property=\"og:image:type\" content=\"image\/jpeg\" \/>\n<meta name=\"twitter:card\" content=\"summary_large_image\" \/>\n<meta name=\"twitter:label1\" content=\"Gesch\u00e4tzte Lesezeit\" \/>\n\t<meta name=\"twitter:data1\" content=\"1\u00a0Minute\" \/>\n<script type=\"application\/ld+json\" class=\"yoast-schema-graph\">{\"@context\":\"https:\/\/schema.org\",\"@graph\":[{\"@type\":\"WebPage\",\"@id\":\"https:\/\/www.glass.hr\/de\/kontakt\/\",\"url\":\"https:\/\/www.glass.hr\/de\/kontakt\/\",\"name\":\"Kontakt - Glass Consulting d.o.o.\",\"isPartOf\":{\"@id\":\"https:\/\/www.glass.hr\/#website\"},\"datePublished\":\"2023-12-07T09:52:20+00:00\",\"dateModified\":\"2023-12-22T13:14:59+00:00\",\"breadcrumb\":{\"@id\":\"https:\/\/www.glass.hr\/de\/kontakt\/#breadcrumb\"},\"inLanguage\":\"de\",\"potentialAction\":[{\"@type\":\"ReadAction\",\"target\":[\"https:\/\/www.glass.hr\/de\/kontakt\/\"]}]},{\"@type\":\"BreadcrumbList\",\"@id\":\"https:\/\/www.glass.hr\/de\/kontakt\/#breadcrumb\",\"itemListElement\":[{\"@type\":\"ListItem\",\"position\":1,\"name\":\"Po\u010detna stranica\",\"item\":\"https:\/\/www.glass.hr\/de\/\"},{\"@type\":\"ListItem\",\"position\":2,\"name\":\"Kontakt\"}]},{\"@type\":\"WebSite\",\"@id\":\"https:\/\/www.glass.hr\/#website\",\"url\":\"https:\/\/www.glass.hr\/\",\"name\":\"Glass Consulting d.o.o. - web stranica\",\"description\":\"Velika Gorica\",\"publisher\":{\"@id\":\"https:\/\/www.glass.hr\/#organization\"},\"potentialAction\":[{\"@type\":\"SearchAction\",\"target\":{\"@type\":\"EntryPoint\",\"urlTemplate\":\"https:\/\/www.glass.hr\/?s={search_term_string}\"},\"query-input\":{\"@type\":\"PropertyValueSpecification\",\"valueRequired\":true,\"valueName\":\"search_term_string\"}}],\"inLanguage\":\"de\"},{\"@type\":\"Organization\",\"@id\":\"https:\/\/www.glass.hr\/#organization\",\"name\":\"Glass Consulting d.o.o.\",\"url\":\"https:\/\/www.glass.hr\/\",\"logo\":{\"@type\":\"ImageObject\",\"inLanguage\":\"de\",\"@id\":\"https:\/\/www.glass.hr\/#\/schema\/logo\/image\/\",\"url\":\"https:\/\/www.glass.hr\/wp-content\/uploads\/2023\/12\/GC_logo_memo.png\",\"contentUrl\":\"https:\/\/www.glass.hr\/wp-content\/uploads\/2023\/12\/GC_logo_memo.png\",\"width\":401,\"height\":175,\"caption\":\"Glass Consulting d.o.o.\"},\"image\":{\"@id\":\"https:\/\/www.glass.hr\/#\/schema\/logo\/image\/\"}}]}<\/script>\n<!-- \/ Yoast SEO plugin. -->","yoast_head_json":{"title":"Kontakt - Glass Consulting d.o.o.","robots":{"index":"index","follow":"follow","max-snippet":"max-snippet:-1","max-image-preview":"max-image-preview:large","max-video-preview":"max-video-preview:-1"},"canonical":"https:\/\/www.glass.hr\/de\/kontakt\/","og_locale":"de_DE","og_type":"article","og_title":"Kontakt - Glass Consulting d.o.o.","og_description":"[vc_row][vc_column][\/vc_column][\/vc_row][vc_row][vc_column width=&#8220;1\/2&#8243;][\/vc_column][vc_column width=&#8220;1\/2&#8243;][\/vc_column][\/vc_row] ...","og_url":"https:\/\/www.glass.hr\/de\/kontakt\/","og_site_name":"Glass Consulting d.o.o.","article_modified_time":"2023-12-22T13:14:59+00:00","og_image":[{"width":1920,"height":892,"url":"https:\/\/www.glass.hr\/wp-content\/uploads\/2023\/12\/glass-slide4-1.jpg","type":"image\/jpeg"}],"twitter_card":"summary_large_image","twitter_misc":{"Gesch\u00e4tzte Lesezeit":"1\u00a0Minute"},"schema":{"@context":"https:\/\/schema.org","@graph":[{"@type":"WebPage","@id":"https:\/\/www.glass.hr\/de\/kontakt\/","url":"https:\/\/www.glass.hr\/de\/kontakt\/","name":"Kontakt - Glass Consulting d.o.o.","isPartOf":{"@id":"https:\/\/www.glass.hr\/#website"},"datePublished":"2023-12-07T09:52:20+00:00","dateModified":"2023-12-22T13:14:59+00:00","breadcrumb":{"@id":"https:\/\/www.glass.hr\/de\/kontakt\/#breadcrumb"},"inLanguage":"de","potentialAction":[{"@type":"ReadAction","target":["https:\/\/www.glass.hr\/de\/kontakt\/"]}]},{"@type":"BreadcrumbList","@id":"https:\/\/www.glass.hr\/de\/kontakt\/#breadcrumb","itemListElement":[{"@type":"ListItem","position":1,"name":"Po\u010detna stranica","item":"https:\/\/www.glass.hr\/de\/"},{"@type":"ListItem","position":2,"name":"Kontakt"}]},{"@type":"WebSite","@id":"https:\/\/www.glass.hr\/#website","url":"https:\/\/www.glass.hr\/","name":"Glass Consulting d.o.o. - web stranica","description":"Velika Gorica","publisher":{"@id":"https:\/\/www.glass.hr\/#organization"},"potentialAction":[{"@type":"SearchAction","target":{"@type":"EntryPoint","urlTemplate":"https:\/\/www.glass.hr\/?s={search_term_string}"},"query-input":{"@type":"PropertyValueSpecification","valueRequired":true,"valueName":"search_term_string"}}],"inLanguage":"de"},{"@type":"Organization","@id":"https:\/\/www.glass.hr\/#organization","name":"Glass Consulting d.o.o.","url":"https:\/\/www.glass.hr\/","logo":{"@type":"ImageObject","inLanguage":"de","@id":"https:\/\/www.glass.hr\/#\/schema\/logo\/image\/","url":"https:\/\/www.glass.hr\/wp-content\/uploads\/2023\/12\/GC_logo_memo.png","contentUrl":"https:\/\/www.glass.hr\/wp-content\/uploads\/2023\/12\/GC_logo_memo.png","width":401,"height":175,"caption":"Glass Consulting d.o.o."},"image":{"@id":"https:\/\/www.glass.hr\/#\/schema\/logo\/image\/"}}]}},"_links":{"self":[{"href":"https:\/\/www.glass.hr\/de\/wp-json\/wp\/v2\/pages\/606","targetHints":{"allow":["GET"]}}],"collection":[{"href":"https:\/\/www.glass.hr\/de\/wp-json\/wp\/v2\/pages"}],"about":[{"href":"https:\/\/www.glass.hr\/de\/wp-json\/wp\/v2\/types\/page"}],"author":[{"embeddable":true,"href":"https:\/\/www.glass.hr\/de\/wp-json\/wp\/v2\/users\/1"}],"replies":[{"embeddable":true,"href":"https:\/\/www.glass.hr\/de\/wp-json\/wp\/v2\/comments?post=606"}],"version-history":[{"count":3,"href":"https:\/\/www.glass.hr\/de\/wp-json\/wp\/v2\/pages\/606\/revisions"}],"predecessor-version":[{"id":638,"href":"https:\/\/www.glass.hr\/de\/wp-json\/wp\/v2\/pages\/606\/revisions\/638"}],"wp:attachment":[{"href":"https:\/\/www.glass.hr\/de\/wp-json\/wp\/v2\/media?parent=606"}],"curies":[{"name":"wp","href":"https:\/\/api.w.org\/{rel}","templated":true}]}}