{"id":604,"date":"2023-12-07T10:52:08","date_gmt":"2023-12-07T09:52:08","guid":{"rendered":"https:\/\/www.glass.hr\/ueber-uns\/"},"modified":"2023-12-22T14:01:33","modified_gmt":"2023-12-22T13:01:33","slug":"ueber-uns","status":"publish","type":"page","link":"https:\/\/www.glass.hr\/de\/ueber-uns\/","title":{"rendered":"\u00dcber uns"},"content":{"rendered":"<div class=\"wpb-content-wrapper\"><p>[vc_row content_placement=&#8220;middle&#8220;][vc_column width=&#8220;1\/2&#8243;]<div id=\"cz_46898\" class=\"cz_46898 cz_title clr cz_title_pos_inline\"><div class=\"cz_title_content\"><div class=\"cz_wpe_content\"><p>Glass Consulting d.o.o. ist eine Gesellschaft mit beschr\u00e4nkter Haftung, die im Jahr 2022 gegr\u00fcndet wurde. Nach langj\u00e4hriger T\u00e4tigkeit in der Glasindustrie wurde das Unternehmen mit dem Ziel gegr\u00fcndet, fachkundige Beratung, berufliche Weiterbildung, Analysen, optimierte Gesch\u00e4ftsprozesse, technischen Support sowie Schulungen und Glasarbeiten anzubieten &#8230;<\/p>\n<\/div><\/div><\/div><div class=\"cz_gap clr \" style=\"height: 18px\"><\/div><div id=\"cz_42606\" class=\"cz_42606 cz_title clr cz_title_pos_inline\"><div class=\"cz_title_content\"><div class=\"cz_wpe_content\"><p>Die langj\u00e4hrige Erfahrung von \u00fcber 10 Jahren in der Glasindustrie, sowohl in Kroatien als auch auf dem internationalen Markt, hat uns ein breites Spektrum an Know\u00adhow beschert, das wir an unsere Kunden weitergeben.<\/p>\n<\/div><\/div><\/div><div class=\"cz_gap clr \" style=\"height: 18px\"><\/div><div id=\"cz_26790\" class=\"cz_26790 cz_title clr cz_title_pos_inline\"><div class=\"cz_title_content\"><div class=\"cz_wpe_content\"><p>Wir bieten qualitativ hochwertige Dienstleistungen, sichere L\u00f6sungen, Zuverl\u00e4ssigkeit, Professionalit\u00e4t, kurze Reaktionszeiten und Support.<\/p>\n<\/div><\/div><\/div><div class=\"cz_gap clr \" style=\"height: 18px\"><\/div><div id=\"cz_106834\" class=\"cz_106834 cz_title clr cz_title_pos_inline\"><div class=\"cz_title_content\"><div class=\"cz_wpe_content\"><p>Wir sind bei Projekten in ganz Kroatien pr\u00e4sent und arbeiten mit Gesch\u00e4ftspartnern aus der ganzen Welt zusammen.<\/p>\n<\/div><\/div><\/div><div class=\"cz_gap clr  hide_on_tablet hide_on_mobile\" style=\"height: 0px\"><\/div><div class=\"cz_gap show_on_tablet clr  show_only_tablet\" style=\"height: 20px\"><\/div><div class=\"cz_gap show_on_mobile clr\" style=\"height: 20px\"><\/div>[\/vc_column][vc_column width=&#8220;1\/2&#8243;]<div id=\"cz_67281\" data-position=\"top-right\" class=\"cz_67281 cz_image clr cz_image_no_fx center_on_mobile\"><div class=\"\" ><div class=\"cz_image_in\"><div class=\"cz_main_image\"><img loading=\"lazy\" decoding=\"async\" width=\"835\" height=\"667\" src=\"https:\/\/www.glass.hr\/wp-content\/uploads\/2023\/12\/businessman-using-computer-with-graph-growth-analysis-virtual-screen-1-1.jpg\" class=\"attachment-full\" alt=\"\" title=\"businessman-using-computer-with-graph-growth-analysis-virtual-screen-1\" srcset=\"https:\/\/www.glass.hr\/wp-content\/uploads\/2023\/12\/businessman-using-computer-with-graph-growth-analysis-virtual-screen-1-1.jpg 835w, https:\/\/www.glass.hr\/wp-content\/uploads\/2023\/12\/businessman-using-computer-with-graph-growth-analysis-virtual-screen-1-1-300x240.jpg 300w, https:\/\/www.glass.hr\/wp-content\/uploads\/2023\/12\/businessman-using-computer-with-graph-growth-analysis-virtual-screen-1-1-768x613.jpg 768w, https:\/\/www.glass.hr\/wp-content\/uploads\/2023\/12\/businessman-using-computer-with-graph-growth-analysis-virtual-screen-1-1-600x479.jpg 600w\" sizes=\"auto, (max-width: 835px) 100vw, 835px\" \/><\/div><\/div><\/div><\/div>[\/vc_column][\/vc_row][vc_row][vc_column]<div class=\"cz_gap clr \" style=\"height: 30px\"><\/div>[\/vc_column][\/vc_row][vc_row el_class=&#8220;cta&#8220;][vc_column]<div class=\"cz_eqh cz_content_box_parent_fx  \"><div id=\"cz_78272\" class=\"cz_78272 cz_content_box clr\"><div class=\"cz_box_front clr\"><div class=\"cz_box_front_inner clr cz_content_box_full_after\"><span><\/span><div><div class=\"cz_gap clr  hide_on_tablet hide_on_mobile\" style=\"height: 45px\"><\/div><div class=\"cz_gap show_on_tablet clr  show_only_tablet\" style=\"height: 20px\"><\/div><div class=\"cz_gap show_on_mobile clr\" style=\"height: 10px\"><\/div>[vc_row_inner][vc_column_inner width=&#8220;5\/6&#8243;]<div id=\"cz_99883\" class=\"cz_99883 cz_title clr cz_title_has_icon cz_title_pos_inline\"><div class=\"cz_title_content\"><i class=\"cz_title_icon_before fas fa-envelope\"><\/i><div class=\"cz_wpe_content\"><h3><span style=\"font-size: 32px;\"><span style=\"color: #10aab6;\"><span style=\"color: #292929;\">Nehmen Sie vertrauensvoll Kontakt zu uns auf<\/span><\/span><\/span><\/h3>\n<p><span style=\"font-size: 20px; color: #f4f4f4;\">Wir finden f\u00fcr Sie in kurzer Zeit die besten, zuverl\u00e4ssigsten und qualitativ hochwertigsten L\u00f6sungen. <\/span><\/p>\n<\/div><\/div><\/div>[\/vc_column_inner][vc_column_inner width=&#8220;1\/6&#8243;]<div class=\"cz_gap clr  hide_on_tablet hide_on_mobile\" style=\"height: 30px\"><\/div><div class=\"cz_gap show_on_tablet clr  show_only_tablet\" style=\"height: 25px\"><\/div><div class=\"cz_gap show_on_mobile clr\" style=\"height: 10px\"><\/div><div class=\"cz_btn_right cz_mobile_btn_block\"><div class=\"cz_19235_p\"><a id=\"cz_19235\" class=\"cz_19235 cz_btn cz_btn_txt_no_fx cz_btn_no_fx\" href=\"https:\/\/www.glass.hr\/de\/contact\/\" title=\"Contact\" aria-label=\"Contact\"><span><strong>Kontakt<\/strong><\/span><b class=\"cz_btn_onhover\"><strong>Kontakt<\/strong><\/b><\/a><\/div><\/div><div class=\"clr\"><\/div>[\/vc_column_inner][\/vc_row_inner]<div class=\"cz_gap clr  hide_on_tablet hide_on_mobile\" style=\"height: 45px\"><\/div><div class=\"cz_gap show_on_tablet clr  show_only_tablet\" style=\"height: 20px\"><\/div><div class=\"cz_gap show_on_mobile clr\" style=\"height: 10px\"><\/div><\/div><\/div><\/div><\/div><\/div>[\/vc_column][\/vc_row]<\/p>\n<\/div>","protected":false},"excerpt":{"rendered":"<p>[vc_row content_placement=&#8220;middle&#8220;][vc_column width=&#8220;1\/2&#8243;][\/vc_column][vc_column width=&#8220;1\/2&#8243;][\/vc_column][\/vc_row][vc_row][vc_column][\/vc_column][\/vc_row][vc_row el_class=&#8220;cta&#8220;][vc_column][\/vc_column][\/vc_row] &#8230; <\/p>\n","protected":false},"author":1,"featured_media":0,"parent":0,"menu_order":0,"comment_status":"closed","ping_status":"closed","template":"","meta":{"footnotes":""},"class_list":["post-604","page","type-page","status-publish","hentry"],"yoast_head":"<!-- This site is optimized with the Yoast SEO plugin v27.2 - https:\/\/yoast.com\/product\/yoast-seo-wordpress\/ -->\n<title>\u00dcber uns - Glass Consulting d.o.o.<\/title>\n<meta name=\"robots\" content=\"index, follow, max-snippet:-1, max-image-preview:large, max-video-preview:-1\" \/>\n<link rel=\"canonical\" href=\"https:\/\/www.glass.hr\/de\/ueber-uns\/\" \/>\n<meta property=\"og:locale\" content=\"de_DE\" \/>\n<meta property=\"og:type\" content=\"article\" \/>\n<meta property=\"og:title\" content=\"\u00dcber uns - Glass Consulting d.o.o.\" \/>\n<meta property=\"og:description\" content=\"[vc_row content_placement=&#8220;middle&#8220;][vc_column width=&#8220;1\/2&#8243;][\/vc_column][vc_column width=&#8220;1\/2&#8243;][\/vc_column][\/vc_row][vc_row][vc_column][\/vc_column][\/vc_row][vc_row el_class=&#8220;cta&#8220;][vc_column][\/vc_column][\/vc_row] ...\" \/>\n<meta property=\"og:url\" content=\"https:\/\/www.glass.hr\/de\/ueber-uns\/\" \/>\n<meta property=\"og:site_name\" content=\"Glass Consulting d.o.o.\" \/>\n<meta property=\"article:modified_time\" content=\"2023-12-22T13:01:33+00:00\" \/>\n<meta property=\"og:image\" content=\"https:\/\/www.glass.hr\/wp-content\/uploads\/2023\/12\/glass-slide4-1.jpg\" \/>\n\t<meta property=\"og:image:width\" content=\"1920\" \/>\n\t<meta property=\"og:image:height\" content=\"892\" \/>\n\t<meta property=\"og:image:type\" content=\"image\/jpeg\" \/>\n<meta name=\"twitter:card\" content=\"summary_large_image\" \/>\n<meta name=\"twitter:label1\" content=\"Gesch\u00e4tzte Lesezeit\" \/>\n\t<meta name=\"twitter:data1\" content=\"2\u00a0Minuten\" \/>\n<script type=\"application\/ld+json\" class=\"yoast-schema-graph\">{\"@context\":\"https:\/\/schema.org\",\"@graph\":[{\"@type\":\"WebPage\",\"@id\":\"https:\/\/www.glass.hr\/de\/ueber-uns\/\",\"url\":\"https:\/\/www.glass.hr\/de\/ueber-uns\/\",\"name\":\"\u00dcber uns - Glass Consulting d.o.o.\",\"isPartOf\":{\"@id\":\"https:\/\/www.glass.hr\/#website\"},\"datePublished\":\"2023-12-07T09:52:08+00:00\",\"dateModified\":\"2023-12-22T13:01:33+00:00\",\"breadcrumb\":{\"@id\":\"https:\/\/www.glass.hr\/de\/ueber-uns\/#breadcrumb\"},\"inLanguage\":\"de\",\"potentialAction\":[{\"@type\":\"ReadAction\",\"target\":[\"https:\/\/www.glass.hr\/de\/ueber-uns\/\"]}]},{\"@type\":\"BreadcrumbList\",\"@id\":\"https:\/\/www.glass.hr\/de\/ueber-uns\/#breadcrumb\",\"itemListElement\":[{\"@type\":\"ListItem\",\"position\":1,\"name\":\"Po\u010detna stranica\",\"item\":\"https:\/\/www.glass.hr\/de\/\"},{\"@type\":\"ListItem\",\"position\":2,\"name\":\"\u00dcber uns\"}]},{\"@type\":\"WebSite\",\"@id\":\"https:\/\/www.glass.hr\/#website\",\"url\":\"https:\/\/www.glass.hr\/\",\"name\":\"Glass Consulting d.o.o. - web stranica\",\"description\":\"Velika Gorica\",\"publisher\":{\"@id\":\"https:\/\/www.glass.hr\/#organization\"},\"potentialAction\":[{\"@type\":\"SearchAction\",\"target\":{\"@type\":\"EntryPoint\",\"urlTemplate\":\"https:\/\/www.glass.hr\/?s={search_term_string}\"},\"query-input\":{\"@type\":\"PropertyValueSpecification\",\"valueRequired\":true,\"valueName\":\"search_term_string\"}}],\"inLanguage\":\"de\"},{\"@type\":\"Organization\",\"@id\":\"https:\/\/www.glass.hr\/#organization\",\"name\":\"Glass Consulting d.o.o.\",\"url\":\"https:\/\/www.glass.hr\/\",\"logo\":{\"@type\":\"ImageObject\",\"inLanguage\":\"de\",\"@id\":\"https:\/\/www.glass.hr\/#\/schema\/logo\/image\/\",\"url\":\"https:\/\/www.glass.hr\/wp-content\/uploads\/2023\/12\/GC_logo_memo.png\",\"contentUrl\":\"https:\/\/www.glass.hr\/wp-content\/uploads\/2023\/12\/GC_logo_memo.png\",\"width\":401,\"height\":175,\"caption\":\"Glass Consulting d.o.o.\"},\"image\":{\"@id\":\"https:\/\/www.glass.hr\/#\/schema\/logo\/image\/\"}}]}<\/script>\n<!-- \/ Yoast SEO plugin. -->","yoast_head_json":{"title":"\u00dcber uns - Glass Consulting d.o.o.","robots":{"index":"index","follow":"follow","max-snippet":"max-snippet:-1","max-image-preview":"max-image-preview:large","max-video-preview":"max-video-preview:-1"},"canonical":"https:\/\/www.glass.hr\/de\/ueber-uns\/","og_locale":"de_DE","og_type":"article","og_title":"\u00dcber uns - Glass Consulting d.o.o.","og_description":"[vc_row content_placement=&#8220;middle&#8220;][vc_column width=&#8220;1\/2&#8243;][\/vc_column][vc_column width=&#8220;1\/2&#8243;][\/vc_column][\/vc_row][vc_row][vc_column][\/vc_column][\/vc_row][vc_row el_class=&#8220;cta&#8220;][vc_column][\/vc_column][\/vc_row] ...","og_url":"https:\/\/www.glass.hr\/de\/ueber-uns\/","og_site_name":"Glass Consulting d.o.o.","article_modified_time":"2023-12-22T13:01:33+00:00","og_image":[{"width":1920,"height":892,"url":"https:\/\/www.glass.hr\/wp-content\/uploads\/2023\/12\/glass-slide4-1.jpg","type":"image\/jpeg"}],"twitter_card":"summary_large_image","twitter_misc":{"Gesch\u00e4tzte Lesezeit":"2\u00a0Minuten"},"schema":{"@context":"https:\/\/schema.org","@graph":[{"@type":"WebPage","@id":"https:\/\/www.glass.hr\/de\/ueber-uns\/","url":"https:\/\/www.glass.hr\/de\/ueber-uns\/","name":"\u00dcber uns - Glass Consulting d.o.o.","isPartOf":{"@id":"https:\/\/www.glass.hr\/#website"},"datePublished":"2023-12-07T09:52:08+00:00","dateModified":"2023-12-22T13:01:33+00:00","breadcrumb":{"@id":"https:\/\/www.glass.hr\/de\/ueber-uns\/#breadcrumb"},"inLanguage":"de","potentialAction":[{"@type":"ReadAction","target":["https:\/\/www.glass.hr\/de\/ueber-uns\/"]}]},{"@type":"BreadcrumbList","@id":"https:\/\/www.glass.hr\/de\/ueber-uns\/#breadcrumb","itemListElement":[{"@type":"ListItem","position":1,"name":"Po\u010detna stranica","item":"https:\/\/www.glass.hr\/de\/"},{"@type":"ListItem","position":2,"name":"\u00dcber uns"}]},{"@type":"WebSite","@id":"https:\/\/www.glass.hr\/#website","url":"https:\/\/www.glass.hr\/","name":"Glass Consulting d.o.o. - web stranica","description":"Velika Gorica","publisher":{"@id":"https:\/\/www.glass.hr\/#organization"},"potentialAction":[{"@type":"SearchAction","target":{"@type":"EntryPoint","urlTemplate":"https:\/\/www.glass.hr\/?s={search_term_string}"},"query-input":{"@type":"PropertyValueSpecification","valueRequired":true,"valueName":"search_term_string"}}],"inLanguage":"de"},{"@type":"Organization","@id":"https:\/\/www.glass.hr\/#organization","name":"Glass Consulting d.o.o.","url":"https:\/\/www.glass.hr\/","logo":{"@type":"ImageObject","inLanguage":"de","@id":"https:\/\/www.glass.hr\/#\/schema\/logo\/image\/","url":"https:\/\/www.glass.hr\/wp-content\/uploads\/2023\/12\/GC_logo_memo.png","contentUrl":"https:\/\/www.glass.hr\/wp-content\/uploads\/2023\/12\/GC_logo_memo.png","width":401,"height":175,"caption":"Glass Consulting d.o.o."},"image":{"@id":"https:\/\/www.glass.hr\/#\/schema\/logo\/image\/"}}]}},"_links":{"self":[{"href":"https:\/\/www.glass.hr\/de\/wp-json\/wp\/v2\/pages\/604","targetHints":{"allow":["GET"]}}],"collection":[{"href":"https:\/\/www.glass.hr\/de\/wp-json\/wp\/v2\/pages"}],"about":[{"href":"https:\/\/www.glass.hr\/de\/wp-json\/wp\/v2\/types\/page"}],"author":[{"embeddable":true,"href":"https:\/\/www.glass.hr\/de\/wp-json\/wp\/v2\/users\/1"}],"replies":[{"embeddable":true,"href":"https:\/\/www.glass.hr\/de\/wp-json\/wp\/v2\/comments?post=604"}],"version-history":[{"count":3,"href":"https:\/\/www.glass.hr\/de\/wp-json\/wp\/v2\/pages\/604\/revisions"}],"predecessor-version":[{"id":622,"href":"https:\/\/www.glass.hr\/de\/wp-json\/wp\/v2\/pages\/604\/revisions\/622"}],"wp:attachment":[{"href":"https:\/\/www.glass.hr\/de\/wp-json\/wp\/v2\/media?parent=604"}],"curies":[{"name":"wp","href":"https:\/\/api.w.org\/{rel}","templated":true}]}}